{"id":2,"date":"2024-11-21T12:55:34","date_gmt":"2024-11-21T11:55:34","guid":{"rendered":"http:\/\/www.crescendo-vocal.fr\/?page_id=2"},"modified":"2026-03-02T14:55:08","modified_gmt":"2026-03-02T13:55:08","slug":"ofildutemps","status":"publish","type":"page","link":"https:\/\/www.crescendo-vocal.fr\/","title":{"rendered":"La billetterie est ouverte !"},"content":{"rendered":"\n<p class=\"has-text-align-center\" style=\"font-size:69px\">Repas Spectacle \u00ab\u00a0<strong>\u00d4 Fil du Temps<\/strong>\u00ab\u00a0<\/p>\n\n\n\n<div class=\"wp-block-columns is-layout-flex wp-container-core-columns-is-layout-87527e6a wp-block-columns-is-layout-flex\" style=\"padding-right:var(--wp--preset--spacing--70);padding-left:var(--wp--preset--spacing--70)\">\n<div class=\"wp-block-column is-layout-flow wp-block-column-is-layout-flow\">\n<p>On vous avait pr\u00e9venus, on n&rsquo;en a pas termin\u00e9 avec \u00d4 fil du temps, et l&rsquo;ann\u00e9e 2026 est pleine de projets ! Le premier rendez-vous de l&rsquo;ann\u00e9e approche alors ne tra\u00eenez pas si vous souhaitez voir ou revoir le spectacle, sous un format un peu sp\u00e9cial !<\/p>\n\n\n\n<p><strong><img loading=\"lazy\" decoding=\"async\" height=\"16\" width=\"16\" src=\"https:\/\/static.xx.fbcdn.net\/images\/emoji.php\/v9\/t2d\/1\/16\/1f4cd.png\" alt=\"\ud83d\udccd\"> Achicourt, Espace Fran\u00e7ois Mitterand<\/strong> &#8211; <strong><img loading=\"lazy\" decoding=\"async\" height=\"16\" width=\"16\" src=\"https:\/\/static.xx.fbcdn.net\/images\/emoji.php\/v9\/t5c\/1\/16\/1f5d3.png\" alt=\"\ud83d\uddd3\"> 4 avril 2026, 19h<\/strong> &#8211; <strong><img loading=\"lazy\" decoding=\"async\" height=\"16\" width=\"16\" src=\"https:\/\/static.xx.fbcdn.net\/images\/emoji.php\/v9\/t4c\/1\/16\/2753.png\" alt=\"\u2753\ufe0f\"> Soir\u00e9e de Gala sous forme de repas\/spectacle.<\/strong><\/p>\n\n\n\n<p>Pour r\u00e9sumer : vous mangez <img loading=\"lazy\" decoding=\"async\" height=\"16\" width=\"16\" alt=\"\ud83c\udf7d\" src=\"https:\/\/static.xx.fbcdn.net\/images\/emoji.php\/v9\/t98\/1\/16\/1f37d.png\">, vous buvez<img loading=\"lazy\" decoding=\"async\" height=\"16\" width=\"16\" alt=\"\ud83c\udf77\" src=\"https:\/\/static.xx.fbcdn.net\/images\/emoji.php\/v9\/teb\/1\/16\/1f377.png\">, et vous admirez le spectacle. La premi\u00e8re partie sera assur\u00e9e par <a href=\"https:\/\/www.facebook.com\/sonorityaccordeon?__cft__[0]=AZYqoeMKyZm6rdyi_OPEuFfnsUUyhvjTTPe-gkZfB6jeAu1Yq3qnJOfvUk-KIf_CUvLtWYnaw_p30srQRwGIQfrFvydNQ6rGUMsYtmwmUl98s08GymaHv8CI8e-6PcXH899OPvEsj9qRu8ssA9PTBWmEEtl7DPR9oYp5BnhJr2Z2QP7lR5a9puKrumRYy02YoGc&amp;__tn__=-]K-R\">SONORITY ACHICOURT<\/a><img loading=\"lazy\" decoding=\"async\" height=\"16\" width=\"16\" alt=\"\ud83e\ude97\" src=\"https:\/\/static.xx.fbcdn.net\/images\/emoji.php\/v9\/td7\/1\/16\/1fa97.png\">, pendant que vous d\u00e9gusterez l&rsquo;ap\u00e9ritif. Puis la soir\u00e9e se poursuivra avec une alternance entre spectacle et repas, pour le plus grand plaisir de vos papilles <img loading=\"lazy\" decoding=\"async\" height=\"16\" width=\"16\" alt=\"\ud83d\ude0b\" src=\"https:\/\/static.xx.fbcdn.net\/images\/emoji.php\/v9\/t0\/1\/16\/1f60b.png\">, de vos yeux <img loading=\"lazy\" decoding=\"async\" height=\"16\" width=\"16\" alt=\"\ud83d\udc40\" src=\"https:\/\/static.xx.fbcdn.net\/images\/emoji.php\/v9\/tc8\/1\/16\/1f440.png\"> et de vos oreilles <img loading=\"lazy\" decoding=\"async\" height=\"16\" width=\"16\" alt=\"\ud83d\udc42\" src=\"https:\/\/static.xx.fbcdn.net\/images\/emoji.php\/v9\/tca\/1\/16\/1f442.png\"><\/p>\n\n\n\n<p>N&rsquo;h\u00e9sitez plus si vous voulez passer un bon moment !<\/p>\n\n\n\n<p class=\"has-text-align-center\"> [LISEZ BIEN LES DIFF\u00c9RENTES \u00c9TAPES POUR LA R\u00c9SERVATION]<\/p>\n<\/div>\n<\/div>\n\n\n\n<p class=\"has-text-align-center has-medium-font-size\"><strong>Notre Billetterie en ligne est h\u00e9berg\u00e9e par HelloAsso<\/strong><br><em>Merci de cliquer sur <\/em>le bouton \u00ab\u00a0Participer\u00a0\u00bb, vous serez redirig\u00e9 sur le site s\u00e9curis\u00e9 de &lsquo;Hello Asso&rsquo;<\/p>\n\n\n\n<p class=\"has-text-align-center\">En cas de soucis d&rsquo;affichage, rafraichissez la page ou sinon vous pouvez vous rendre directement sur notre page HelloAsso <a href=\"https:\/\/www.helloasso.com\/associations\/crescendo-beaurains\" data-type=\"link\" data-id=\"https:\/\/www.helloasso.com\/associations\/crescendo-beaurains\">en cliquant ICI<\/a><\/p>\n\n\n\n<div class=\"wp-block-columns is-layout-flex wp-container-core-columns-is-layout-28f84493 wp-block-columns-is-layout-flex\">\n<div class=\"wp-block-column is-layout-flow wp-block-column-is-layout-flow\" style=\"flex-basis:100%\">\n<div class=\"wp-block-group is-horizontal is-content-justification-center is-layout-flex wp-container-core-group-is-layout-4f6f85ca wp-block-group-is-layout-flex\">\t\t\t<iframe\n\t\t\t\tid=\"idIframe\"\n\t\t\t\tsrc=\"https:\/\/www.helloasso.com\/associations\/crescendo-beaurains\/evenements\/repasspectacleofdt\/widget-vignette\"\n\t\t\t\theight=550px\"\t\t\t\twidth=350px\"\t\t\t\tframeborder=\"0\"\n\t\t\t\tloading=\"lazy\"\n\t\t\t\tallowtransparency=\"true\"\n\t\t\t\tonload=\"resizeIframeMessage()\"><\/iframe>\n\n<\/div>\n<\/div>\n<\/div>\n","protected":false},"excerpt":{"rendered":"<p>Repas Spectacle \u00ab\u00a0\u00d4 Fil du Temps\u00ab\u00a0 On vous avait pr\u00e9venus, on n&rsquo;en a pas termin\u00e9 avec \u00d4 fil du temps, et l&rsquo;ann\u00e9e 2026 est pleine de projets ! Le premier rendez-vous de l&rsquo;ann\u00e9e approche alors ne tra\u00eenez pas si vous souhaitez voir ou revoir le spectacle, sous un format un peu sp\u00e9cial ! Achicourt, Espace [&hellip;]<\/p>\n","protected":false},"author":1,"featured_media":12,"parent":0,"menu_order":0,"comment_status":"closed","ping_status":"open","template":"cresofdt","meta":{"footnotes":""},"class_list":["post-2","page","type-page","status-publish","has-post-thumbnail","hentry"],"_links":{"self":[{"href":"https:\/\/www.crescendo-vocal.fr\/index.php\/wp-json\/wp\/v2\/pages\/2","targetHints":{"allow":["GET"]}}],"collection":[{"href":"https:\/\/www.crescendo-vocal.fr\/index.php\/wp-json\/wp\/v2\/pages"}],"about":[{"href":"https:\/\/www.crescendo-vocal.fr\/index.php\/wp-json\/wp\/v2\/types\/page"}],"author":[{"embeddable":true,"href":"https:\/\/www.crescendo-vocal.fr\/index.php\/wp-json\/wp\/v2\/users\/1"}],"replies":[{"embeddable":true,"href":"https:\/\/www.crescendo-vocal.fr\/index.php\/wp-json\/wp\/v2\/comments?post=2"}],"version-history":[{"count":49,"href":"https:\/\/www.crescendo-vocal.fr\/index.php\/wp-json\/wp\/v2\/pages\/2\/revisions"}],"predecessor-version":[{"id":96,"href":"https:\/\/www.crescendo-vocal.fr\/index.php\/wp-json\/wp\/v2\/pages\/2\/revisions\/96"}],"wp:featuredmedia":[{"embeddable":true,"href":"https:\/\/www.crescendo-vocal.fr\/index.php\/wp-json\/wp\/v2\/media\/12"}],"wp:attachment":[{"href":"https:\/\/www.crescendo-vocal.fr\/index.php\/wp-json\/wp\/v2\/media?parent=2"}],"curies":[{"name":"wp","href":"https:\/\/api.w.org\/{rel}","templated":true}]}}